{"id":25058,"date":"2025-03-27T11:22:46","date_gmt":"2025-03-27T10:22:46","guid":{"rendered":"https:\/\/www.stelitanodesign.com\/produkt\/camicia-in-cotone-2\/"},"modified":"2026-02-12T15:15:13","modified_gmt":"2026-02-12T14:15:13","slug":"camicia-in-cotone-2","status":"publish","type":"product","link":"https:\/\/www.stelitanodesign.com\/it\/prodotto\/camicia-in-cotone-2\/","title":{"rendered":"T-shirt in cotone &#8211; Statua"},"content":{"rendered":"<p>Questa T-shirt oversize combina comfort e stile moderno. \u00c8 realizzata in morbido cotone nero e presenta una stampa grafica artistica sul retro, per unicit\u00e0 e carattere. La vestibilit\u00e0 ampia e le maniche larghe la rendono perfetta per un look casual sofisticato, ideale da abbinare a pantaloni cargo per creare un outfit urbano e versatile.<\/p>\n","protected":false},"excerpt":{"rendered":"<p>Maglietta oversize<\/p>\n","protected":false},"featured_media":25064,"comment_status":"open","ping_status":"closed","template":"","meta":{"_acf_changed":false,"inline_featured_image":false,"_kad_post_transparent":"default","_kad_post_title":"","_kad_post_layout":"default","_kad_post_sidebar_id":"","_kad_post_content_style":"default","_kad_post_vertical_padding":"default","_kad_post_feature":"","_kad_post_feature_position":"","_kad_post_header":false,"_kad_post_footer":false,"_kad_post_classname":""},"product_brand":[],"product_cat":[136],"product_tag":[],"class_list":{"0":"post-25058","1":"product","2":"type-product","3":"status-publish","4":"has-post-thumbnail","6":"product_cat-maglietta","8":"first","9":"instock","10":"taxable","11":"shipping-taxable","12":"purchasable","13":"product-type-variable","14":"entry","15":"content-bg","16":"loop-entry"},"acf":[],"_links":{"self":[{"href":"https:\/\/www.stelitanodesign.com\/it\/wp-json\/wp\/v2\/product\/25058","targetHints":{"allow":["GET"]}}],"collection":[{"href":"https:\/\/www.stelitanodesign.com\/it\/wp-json\/wp\/v2\/product"}],"about":[{"href":"https:\/\/www.stelitanodesign.com\/it\/wp-json\/wp\/v2\/types\/product"}],"replies":[{"embeddable":true,"href":"https:\/\/www.stelitanodesign.com\/it\/wp-json\/wp\/v2\/comments?post=25058"}],"wp:featuredmedia":[{"embeddable":true,"href":"https:\/\/www.stelitanodesign.com\/it\/wp-json\/wp\/v2\/media\/25064"}],"wp:attachment":[{"href":"https:\/\/www.stelitanodesign.com\/it\/wp-json\/wp\/v2\/media?parent=25058"}],"wp:term":[{"taxonomy":"product_brand","embeddable":true,"href":"https:\/\/www.stelitanodesign.com\/it\/wp-json\/wp\/v2\/product_brand?post=25058"},{"taxonomy":"product_cat","embeddable":true,"href":"https:\/\/www.stelitanodesign.com\/it\/wp-json\/wp\/v2\/product_cat?post=25058"},{"taxonomy":"product_tag","embeddable":true,"href":"https:\/\/www.stelitanodesign.com\/it\/wp-json\/wp\/v2\/product_tag?post=25058"}],"curies":[{"name":"wp","href":"https:\/\/api.w.org\/{rel}","templated":true}]}}